{"id":617,"date":"2023-07-10T21:26:11","date_gmt":"2023-07-11T01:26:11","guid":{"rendered":"https:\/\/rachelfreedlandmsw.com\/?page_id=617"},"modified":"2023-07-13T10:59:09","modified_gmt":"2023-07-13T14:59:09","slug":"healing-with-emdr","status":"publish","type":"page","link":"https:\/\/rachelfreedlandmsw.com\/pt\/healing-with-emdr\/","title":{"rendered":"CURA COM EMDR"},"content":{"rendered":"<p>&#8220;Somewhere along the line, many people have experienced a frightening or troubling incident in their lives, which can be categorized as traumatic.&#8221;<\/p>\n<p>Experi\u00eancias como traumas na inf\u00e2ncia, sofrer bullying na escola, a morte de um familiar, entre muitas outras, podem alterar negativamente a forma como vemos a n\u00f3s mesmos, os outros e o mundo em geral, afetando significativamente como nos sentimos e agimos.<\/p>\n<p>Quando eventos traum\u00e1ticos acontecem, nossas mem\u00f3rias frequentemente permanecem n\u00e3o processadas, tornando-se uma fonte de dor emocional que se manifesta como depress\u00e3o, ansiedade, raiva e outros sentimentos desafiadores.<\/p>\n<p>Como resultado, quando nos deparamos com uma situa\u00e7\u00e3o que pode desencadear a mem\u00f3ria traum\u00e1tica, podemos reagir de forma inadequada. Pense em uma pilha de blocos inst\u00e1veis, em que um leve empurr\u00e3o no bloco superior pode causar o colapso de toda a estrutura.<\/p>\n<p>Em vez de tratar apenas os sintomas, o EMDR atua sobre a causa original da dor emocional, abordando o problema em sua base e promovendo a cura do sofrimento emocional.<\/p>\n<p>A Dessensibiliza\u00e7\u00e3o e Reprocessamento por meio dos Movimentos Oculares (EMDR) \u00e9 um tipo de psicoterapia utilizada para tratar traumas na inf\u00e2ncia, Transtorno de Estresse P\u00f3s-Traum\u00e1tico, ansiedade, depress\u00e3o, luto, estresse e muito mais. Trata-se de uma terapia baseada em evid\u00eancias e amplamente pesquisada, que demonstrou, especialmente nos casos de trauma, ser mais eficaz, de a\u00e7\u00e3o mais r\u00e1pida e com efeitos mais duradouros do que a maioria das outras formas de tratamento, incluindo medicamentos e a psicoterapia exclusivamente baseada em conversa\u00e7\u00e3o.<\/p>\n<p>O EMDR \u00e9 \u00fanico pois integra est\u00edmulos sensoriais, como movimentos oculares e outros m\u00e9todos, como batidas alternadas nas m\u00e3os ou est\u00edmulos auditivos, \u00e0 terapia, ativando o c\u00e9rebro e incentivando a forma\u00e7\u00e3o de novas conex\u00f5es e um melhor processamento das experi\u00eancias.<\/p>\n<p>Uma aten\u00e7\u00e3o especial \u00e9 dedicada a garantir que o indiv\u00edduo disponha de recursos, como respira\u00e7\u00e3o profunda, visualiza\u00e7\u00f5es e outras t\u00e9cnicas, para se sentir seguro durante a utiliza\u00e7\u00e3o do EMDR.<\/p>\n<p>Working with EMDR helps the client transform negative beliefs into positive, more adaptive and realistic ones. Recovery is accelerated simply through a patient&#8217;s own processing rather than a therapist&#8217;s interpretations or time spent talking at length about the trauma.<\/p>\n<p>\u00c9 uma experi\u00eancia profundamente empoderadora. Proporciona \u00e0s pessoas um novo e duradouro senso de confian\u00e7a, constru\u00eddo ao longo das sess\u00f5es, ao reconhecerem sua capacidade de ressignificar seus traumas e transformar suas vidas.<\/p>","protected":false},"excerpt":{"rendered":"<p>&#8220;Somewhere along the line, many people have experienced a frightening or troubling incident in their lives, which can be categorized as traumatic.&#8221; Experiences such as childhood trauma, being bullied in school, a death in the family, and many others can negatively change our view of ourselves, others, and the world at large, significantly affecting how [&hellip;]<\/p>\n","protected":false},"author":3,"featured_media":540,"parent":0,"menu_order":0,"comment_status":"closed","ping_status":"closed","template":"","meta":{"_monsterinsights_skip_tracking":false,"_monsterinsights_sitenote_active":false,"_monsterinsights_sitenote_note":"","_monsterinsights_sitenote_category":0,"_genesis_hide_title":false,"_genesis_hide_breadcrumbs":false,"_genesis_hide_singular_image":false,"_genesis_hide_footer_widgets":false,"_genesis_custom_body_class":"","_genesis_custom_post_class":"","_genesis_layout":"","footnotes":""},"class_list":{"0":"post-617","1":"page","2":"type-page","3":"status-publish","4":"has-post-thumbnail","6":"entry"},"yoast_head":"<!-- This site is optimized with the Yoast SEO plugin v27.4 - https:\/\/yoast.com\/product\/yoast-seo-wordpress\/ -->\n<title>Healing with EMDR - Rachel Freedland, LMSW<\/title>\n<meta name=\"description\" content=\"EMDR is a type of psychotherapy used to treat childhood trauma, PTSD, anxiety, depression, grief, stress, and more\" \/>\n<meta name=\"robots\" content=\"index, follow, max-snippet:-1, max-image-preview:large, max-video-preview:-1\" \/>\n<link rel=\"canonical\" href=\"https:\/\/rachelfreedlandmsw.com\/pt\/healing-with-emdr\/\" \/>\n<meta property=\"og:locale\" content=\"pt_PT\" \/>\n<meta property=\"og:type\" content=\"article\" \/>\n<meta property=\"og:title\" content=\"Healing with EMDR - Rachel Freedland, LMSW\" \/>\n<meta property=\"og:description\" content=\"EMDR is a type of psychotherapy used to treat childhood trauma, PTSD, anxiety, depression, grief, stress, and more\" \/>\n<meta property=\"og:url\" content=\"https:\/\/rachelfreedlandmsw.com\/pt\/healing-with-emdr\/\" \/>\n<meta property=\"og:site_name\" content=\"Rachel Freedland, LMSW\" \/>\n<meta property=\"article:modified_time\" content=\"2023-07-13T14:59:09+00:00\" \/>\n<meta property=\"og:image\" content=\"https:\/\/efbn49ibyig.exactdn.com\/wp-content\/uploads\/2023\/02\/emdr-c.jpg?strip=all&lossy=1&ssl=1\" \/>\n\t<meta property=\"og:image:width\" content=\"1200\" \/>\n\t<meta property=\"og:image:height\" content=\"638\" \/>\n\t<meta property=\"og:image:type\" content=\"image\/jpeg\" \/>\n<meta name=\"twitter:card\" content=\"summary_large_image\" \/>\n<meta name=\"twitter:label1\" content=\"Tempo estimado de leitura\" \/>\n\t<meta name=\"twitter:data1\" content=\"2 minutos\" \/>\n<script type=\"application\/ld+json\" class=\"yoast-schema-graph\">{\"@context\":\"https:\\\/\\\/schema.org\",\"@graph\":[{\"@type\":\"WebPage\",\"@id\":\"https:\\\/\\\/rachelfreedlandmsw.com\\\/healing-with-emdr\\\/\",\"url\":\"https:\\\/\\\/rachelfreedlandmsw.com\\\/healing-with-emdr\\\/\",\"name\":\"Healing with EMDR - Rachel Freedland, LMSW\",\"isPartOf\":{\"@id\":\"https:\\\/\\\/rachelfreedlandmsw.com\\\/#website\"},\"primaryImageOfPage\":{\"@id\":\"https:\\\/\\\/rachelfreedlandmsw.com\\\/healing-with-emdr\\\/#primaryimage\"},\"image\":{\"@id\":\"https:\\\/\\\/rachelfreedlandmsw.com\\\/healing-with-emdr\\\/#primaryimage\"},\"thumbnailUrl\":\"https:\\\/\\\/rachelfreedlandmsw.com\\\/wp-content\\\/uploads\\\/2023\\\/02\\\/emdr-c.jpg\",\"datePublished\":\"2023-07-11T01:26:11+00:00\",\"dateModified\":\"2023-07-13T14:59:09+00:00\",\"description\":\"EMDR is a type of psychotherapy used to treat childhood trauma, PTSD, anxiety, depression, grief, stress, and more\",\"breadcrumb\":{\"@id\":\"https:\\\/\\\/rachelfreedlandmsw.com\\\/healing-with-emdr\\\/#breadcrumb\"},\"inLanguage\":\"pt-PT\",\"potentialAction\":[{\"@type\":\"ReadAction\",\"target\":[\"https:\\\/\\\/rachelfreedlandmsw.com\\\/healing-with-emdr\\\/\"]}]},{\"@type\":\"ImageObject\",\"inLanguage\":\"pt-PT\",\"@id\":\"https:\\\/\\\/rachelfreedlandmsw.com\\\/healing-with-emdr\\\/#primaryimage\",\"url\":\"https:\\\/\\\/rachelfreedlandmsw.com\\\/wp-content\\\/uploads\\\/2023\\\/02\\\/emdr-c.jpg\",\"contentUrl\":\"https:\\\/\\\/rachelfreedlandmsw.com\\\/wp-content\\\/uploads\\\/2023\\\/02\\\/emdr-c.jpg\",\"width\":1200,\"height\":638,\"caption\":\"EMDR Therapy\"},{\"@type\":\"BreadcrumbList\",\"@id\":\"https:\\\/\\\/rachelfreedlandmsw.com\\\/healing-with-emdr\\\/#breadcrumb\",\"itemListElement\":[{\"@type\":\"ListItem\",\"position\":1,\"name\":\"Home\",\"item\":\"https:\\\/\\\/rachelfreedlandmsw.com\\\/\"},{\"@type\":\"ListItem\",\"position\":2,\"name\":\"Healing with EMDR\"}]},{\"@type\":\"WebSite\",\"@id\":\"https:\\\/\\\/rachelfreedlandmsw.com\\\/#website\",\"url\":\"https:\\\/\\\/rachelfreedlandmsw.com\\\/\",\"name\":\"Rachel Freedland, LMSW\",\"description\":\"Empowering your life&#039;s positive direction.\",\"publisher\":{\"@id\":\"https:\\\/\\\/rachelfreedlandmsw.com\\\/#\\\/schema\\\/person\\\/a1819de574ffe1d9c44e4c65acf6d64c\"},\"potentialAction\":[{\"@type\":\"SearchAction\",\"target\":{\"@type\":\"EntryPoint\",\"urlTemplate\":\"https:\\\/\\\/rachelfreedlandmsw.com\\\/?s={search_term_string}\"},\"query-input\":{\"@type\":\"PropertyValueSpecification\",\"valueRequired\":true,\"valueName\":\"search_term_string\"}}],\"inLanguage\":\"pt-PT\"},{\"@type\":[\"Person\",\"Organization\"],\"@id\":\"https:\\\/\\\/rachelfreedlandmsw.com\\\/#\\\/schema\\\/person\\\/a1819de574ffe1d9c44e4c65acf6d64c\",\"name\":\"Rachel Freedland, LMSW\",\"image\":{\"@type\":\"ImageObject\",\"inLanguage\":\"pt-PT\",\"@id\":\"https:\\\/\\\/rachelfreedlandmsw.com\\\/wp-content\\\/uploads\\\/2019\\\/06\\\/rachel-freedland-2019x400.jpg\",\"url\":\"https:\\\/\\\/rachelfreedlandmsw.com\\\/wp-content\\\/uploads\\\/2019\\\/06\\\/rachel-freedland-2019x400.jpg\",\"contentUrl\":\"https:\\\/\\\/rachelfreedlandmsw.com\\\/wp-content\\\/uploads\\\/2019\\\/06\\\/rachel-freedland-2019x400.jpg\",\"width\":400,\"height\":443,\"caption\":\"Rachel Freedland, LMSW\"},\"logo\":{\"@id\":\"https:\\\/\\\/rachelfreedlandmsw.com\\\/wp-content\\\/uploads\\\/2019\\\/06\\\/rachel-freedland-2019x400.jpg\"},\"description\":\"Rachel Freedland, LMSW is a Level 3 trained IFS ( Internal Family Systems) Clinical Social Worker practicing in Southeastern Michigan. Rachel is passionate about helping people heal their emotional pain and own their life\u2019s direction. Additionally she stands out as a therapist for A astruggling with perfectionism, insomnia, and relationship issues as well as anxiety and depression.\",\"sameAs\":[\"https:\\\/\\\/rachelfreedlandmsw.com\"]}]}<\/script>\n<!-- \/ Yoast SEO plugin. -->","yoast_head_json":{"title":"Healing with EMDR - Rachel Freedland, LMSW","description":"EMDR is a type of psychotherapy used to treat childhood trauma, PTSD, anxiety, depression, grief, stress, and more","robots":{"index":"index","follow":"follow","max-snippet":"max-snippet:-1","max-image-preview":"max-image-preview:large","max-video-preview":"max-video-preview:-1"},"canonical":"https:\/\/rachelfreedlandmsw.com\/pt\/healing-with-emdr\/","og_locale":"pt_PT","og_type":"article","og_title":"Healing with EMDR - Rachel Freedland, LMSW","og_description":"EMDR is a type of psychotherapy used to treat childhood trauma, PTSD, anxiety, depression, grief, stress, and more","og_url":"https:\/\/rachelfreedlandmsw.com\/pt\/healing-with-emdr\/","og_site_name":"Rachel Freedland, LMSW","article_modified_time":"2023-07-13T14:59:09+00:00","og_image":[{"width":1200,"height":638,"url":"https:\/\/efbn49ibyig.exactdn.com\/wp-content\/uploads\/2023\/02\/emdr-c.jpg?strip=all&lossy=1&ssl=1","type":"image\/jpeg"}],"twitter_card":"summary_large_image","twitter_misc":{"Tempo estimado de leitura":"2 minutos"},"schema":{"@context":"https:\/\/schema.org","@graph":[{"@type":"WebPage","@id":"https:\/\/rachelfreedlandmsw.com\/healing-with-emdr\/","url":"https:\/\/rachelfreedlandmsw.com\/healing-with-emdr\/","name":"Healing with EMDR - Rachel Freedland, LMSW","isPartOf":{"@id":"https:\/\/rachelfreedlandmsw.com\/#website"},"primaryImageOfPage":{"@id":"https:\/\/rachelfreedlandmsw.com\/healing-with-emdr\/#primaryimage"},"image":{"@id":"https:\/\/rachelfreedlandmsw.com\/healing-with-emdr\/#primaryimage"},"thumbnailUrl":"https:\/\/rachelfreedlandmsw.com\/wp-content\/uploads\/2023\/02\/emdr-c.jpg","datePublished":"2023-07-11T01:26:11+00:00","dateModified":"2023-07-13T14:59:09+00:00","description":"EMDR is a type of psychotherapy used to treat childhood trauma, PTSD, anxiety, depression, grief, stress, and more","breadcrumb":{"@id":"https:\/\/rachelfreedlandmsw.com\/healing-with-emdr\/#breadcrumb"},"inLanguage":"pt-PT","potentialAction":[{"@type":"ReadAction","target":["https:\/\/rachelfreedlandmsw.com\/healing-with-emdr\/"]}]},{"@type":"ImageObject","inLanguage":"pt-PT","@id":"https:\/\/rachelfreedlandmsw.com\/healing-with-emdr\/#primaryimage","url":"https:\/\/rachelfreedlandmsw.com\/wp-content\/uploads\/2023\/02\/emdr-c.jpg","contentUrl":"https:\/\/rachelfreedlandmsw.com\/wp-content\/uploads\/2023\/02\/emdr-c.jpg","width":1200,"height":638,"caption":"EMDR Therapy"},{"@type":"BreadcrumbList","@id":"https:\/\/rachelfreedlandmsw.com\/healing-with-emdr\/#breadcrumb","itemListElement":[{"@type":"ListItem","position":1,"name":"Home","item":"https:\/\/rachelfreedlandmsw.com\/"},{"@type":"ListItem","position":2,"name":"Healing with EMDR"}]},{"@type":"WebSite","@id":"https:\/\/rachelfreedlandmsw.com\/#website","url":"https:\/\/rachelfreedlandmsw.com\/","name":"Rachel Freedland, LMSW","description":"Empowering your life&#039;s positive direction.","publisher":{"@id":"https:\/\/rachelfreedlandmsw.com\/#\/schema\/person\/a1819de574ffe1d9c44e4c65acf6d64c"},"potentialAction":[{"@type":"SearchAction","target":{"@type":"EntryPoint","urlTemplate":"https:\/\/rachelfreedlandmsw.com\/?s={search_term_string}"},"query-input":{"@type":"PropertyValueSpecification","valueRequired":true,"valueName":"search_term_string"}}],"inLanguage":"pt-PT"},{"@type":["Person","Organization"],"@id":"https:\/\/rachelfreedlandmsw.com\/#\/schema\/person\/a1819de574ffe1d9c44e4c65acf6d64c","name":"Rachel Freedland, LMSW","image":{"@type":"ImageObject","inLanguage":"pt-PT","@id":"https:\/\/rachelfreedlandmsw.com\/wp-content\/uploads\/2019\/06\/rachel-freedland-2019x400.jpg","url":"https:\/\/rachelfreedlandmsw.com\/wp-content\/uploads\/2019\/06\/rachel-freedland-2019x400.jpg","contentUrl":"https:\/\/rachelfreedlandmsw.com\/wp-content\/uploads\/2019\/06\/rachel-freedland-2019x400.jpg","width":400,"height":443,"caption":"Rachel Freedland, LMSW"},"logo":{"@id":"https:\/\/rachelfreedlandmsw.com\/wp-content\/uploads\/2019\/06\/rachel-freedland-2019x400.jpg"},"description":"Rachel Freedland, LMSW \u00e9 assistente social cl\u00ednica e psicoterapeuta com forma\u00e7\u00e3o de N\u00edvel 3 em Sistemas Familiares Internos (IFS). Ela atende principalmente online e \u00e9 registrada para atuar na Fl\u00f3rida, al\u00e9m de exercer sua pr\u00e1tica em Michigan. Rachel tem paix\u00e3o por ajudar pessoas a curar dores emocionais e a recuperar um senso mais profundo de dire\u00e7\u00e3o e significado na vida. Seu trabalho inclui apoiar pessoas que lidam com perfeccionismo, ins\u00f4nia, dificuldades nos relacionamentos, ansiedade e depress\u00e3o.","sameAs":["https:\/\/rachelfreedlandmsw.com"]}]}},"_links":{"self":[{"href":"https:\/\/rachelfreedlandmsw.com\/pt\/wp-json\/wp\/v2\/pages\/617","targetHints":{"allow":["GET"]}}],"collection":[{"href":"https:\/\/rachelfreedlandmsw.com\/pt\/wp-json\/wp\/v2\/pages"}],"about":[{"href":"https:\/\/rachelfreedlandmsw.com\/pt\/wp-json\/wp\/v2\/types\/page"}],"author":[{"embeddable":true,"href":"https:\/\/rachelfreedlandmsw.com\/pt\/wp-json\/wp\/v2\/users\/3"}],"replies":[{"embeddable":true,"href":"https:\/\/rachelfreedlandmsw.com\/pt\/wp-json\/wp\/v2\/comments?post=617"}],"version-history":[{"count":7,"href":"https:\/\/rachelfreedlandmsw.com\/pt\/wp-json\/wp\/v2\/pages\/617\/revisions"}],"predecessor-version":[{"id":634,"href":"https:\/\/rachelfreedlandmsw.com\/pt\/wp-json\/wp\/v2\/pages\/617\/revisions\/634"}],"wp:featuredmedia":[{"embeddable":true,"href":"https:\/\/rachelfreedlandmsw.com\/pt\/wp-json\/wp\/v2\/media\/540"}],"wp:attachment":[{"href":"https:\/\/rachelfreedlandmsw.com\/pt\/wp-json\/wp\/v2\/media?parent=617"}],"curies":[{"name":"wp","href":"https:\/\/api.w.org\/{rel}","templated":true}]}}