{"id":2,"date":"2019-02-22T02:34:48","date_gmt":"2019-02-22T07:34:48","guid":{"rendered":"http:\/\/rachelfreedlandcsw.com\/?page_id=2"},"modified":"2026-03-13T11:21:49","modified_gmt":"2026-03-13T15:21:49","slug":"about","status":"publish","type":"page","link":"https:\/\/rachelfreedlandmsw.com\/pt\/about\/","title":{"rendered":"SOBRE"},"content":{"rendered":"<img decoding=\"async\" src=\"https:\/\/rachelfreedlandmsw.com\/wp-content\/uploads\/2019\/06\/rachel-freedland-2019x400.jpg\" alt=\"Rachel Freedland, MSW\" itemprop=\"image\" height=\"443\" width=\"400\" title=\"rachel-freedland-2019x400\" onerror=\"this.style.display='none'\" loading=\"lazy\" \/>\n<h3>\n\t\t\tLet&#8217;s Connect\t<\/h3>\n\t<center><!-- Professional verification provided by Psychology Today -->\n<a href=\"https:\/\/www.psychologytoday.com\/profile\/425229\"><\/a>\n<!-- End Verification -->\n<\/center> \n<h3>\n\t\t\tConhe\u00e7a Rachel\t<\/h3>\n\t<p>Se voc\u00ea est\u00e1 buscando se compreender melhor, curar-se e ter sucesso em sua vida, eu estarei ao seu lado para apoiar o seu caminho, aprimorar sua jornada e ajud\u00e1-lo a alcan\u00e7ar seus objetivos.<\/p>\n<p>Sou terapeuta de <a href=\"https:\/\/rachelfreedlandmsw.com\/pt\/internal-family-system\/\"><strong>Sistemas Familiares Internos (IFS)<\/strong>\u00a0<\/a>N\u00edvel 3, formada pelo Instituto IFS (IFS Institute). Sou fluente em ingl\u00eas e portugu\u00eas brasileiro e j\u00e1 trabalhei utilizando ambos os dois idiomas com sucesso.<\/p>\n<p>Ter me mudado v\u00e1rias vezes ao longo da vida e ter encontrado uma grande diversidade de pessoas fortaleceu minha cren\u00e7a de que cada indiv\u00edduo \u00e9 verdadeiramente \u00fanico e possui um caminho personalizado a seguir.<\/p>\n<p>Minha forma\u00e7\u00e3o em\u00a0<strong><a href=\"https:\/\/rachelfreedlandmsw.com\/pt\/cognitive-behavior-therapy\/\">Cognitive Behavior Therapy<\/a><\/strong>, Psicodin\u00e2mica, Terapia de Aceita\u00e7\u00e3o e Compromisso\u00a0<strong><a href=\"https:\/\/rachelfreedlandmsw.com\/pt\/overcoming-insomnia\/\">Terapia Cognitivo-Comportamental para Ins\u00f4nia<\/a><\/strong>, e\u00a0<strong><a href=\"https:\/\/rachelfreedlandmsw.com\/pt\/healing-with-emdr\/\">Reprocessamento por meio dos Movimentos Oculares (EMDR)<\/a><\/strong>, me permite personalizar a melhor abordagem para cada cliente.<\/p>\n<p>Meu estilo terap\u00eautico \u00e9 colaborativo, acolhedor e validante, ajudando meus clientes a promover as mudan\u00e7as que desejam e a se aproximarem da dire\u00e7\u00e3o que querem para suas vidas.<\/p>","protected":false},"excerpt":{"rendered":"<p>Let&#8217;s Connect Get to know Rachel If you are looking to understand yourself better, heal and be successful in your life. I will support you on your path of enhancing your journey and achieving your goals. I am a IFS (Internal Family Systems)\u00a0Level 3 therapist, trained by the IFS Institute. I am fluent in English [&hellip;]<\/p>\n","protected":false},"author":3,"featured_media":119,"parent":0,"menu_order":0,"comment_status":"closed","ping_status":"closed","template":"","meta":{"_monsterinsights_skip_tracking":false,"_monsterinsights_sitenote_active":false,"_monsterinsights_sitenote_note":"","_monsterinsights_sitenote_category":0,"_genesis_hide_title":false,"_genesis_hide_breadcrumbs":false,"_genesis_hide_singular_image":false,"_genesis_hide_footer_widgets":false,"_genesis_custom_body_class":"","_genesis_custom_post_class":"","_genesis_layout":"","footnotes":""},"class_list":{"0":"post-2","1":"page","2":"type-page","3":"status-publish","4":"has-post-thumbnail","6":"entry"},"yoast_head":"<!-- This site is optimized with the Yoast SEO plugin v27.4 - https:\/\/yoast.com\/product\/yoast-seo-wordpress\/ -->\n<title>Get to know more about Rachel Freedland, MSW |<\/title>\n<meta name=\"description\" content=\"Learn more about Rachel Freedland, MSW. My objective and mission are to help you grow, heal and be successful in your life.\" \/>\n<meta name=\"robots\" content=\"index, follow, max-snippet:-1, max-image-preview:large, max-video-preview:-1\" \/>\n<link rel=\"canonical\" href=\"https:\/\/rachelfreedlandmsw.com\/pt\/about\/\" \/>\n<meta property=\"og:locale\" content=\"pt_PT\" \/>\n<meta property=\"og:type\" content=\"article\" \/>\n<meta property=\"og:title\" content=\"Learn about Rachel Freedland, MSW\" \/>\n<meta property=\"og:description\" content=\"Learn more about Rachel Freedland, MSW. My objective and mission are to help you grow, heal and be successful in your life.\" \/>\n<meta property=\"og:url\" content=\"https:\/\/rachelfreedlandmsw.com\/pt\/about\/\" \/>\n<meta property=\"og:site_name\" content=\"Rachel Freedland, LMSW\" \/>\n<meta property=\"article:modified_time\" content=\"2026-03-13T15:21:49+00:00\" \/>\n<meta property=\"og:image\" content=\"https:\/\/rachelfreedlandmsw.com\/wp-content\/uploads\/2019\/06\/rachel-freedland-about-cover-image-c.jpg\" \/>\n\t<meta property=\"og:image:width\" content=\"1200\" \/>\n\t<meta property=\"og:image:height\" content=\"638\" \/>\n\t<meta property=\"og:image:type\" content=\"image\/jpeg\" \/>\n<meta name=\"twitter:card\" content=\"summary_large_image\" \/>\n<meta name=\"twitter:label1\" content=\"Tempo estimado de leitura\" \/>\n\t<meta name=\"twitter:data1\" content=\"1 minuto\" \/>\n<script type=\"application\/ld+json\" class=\"yoast-schema-graph\">{\"@context\":\"https:\\\/\\\/schema.org\",\"@graph\":[{\"@type\":\"WebPage\",\"@id\":\"https:\\\/\\\/rachelfreedlandmsw.com\\\/about\\\/\",\"url\":\"https:\\\/\\\/rachelfreedlandmsw.com\\\/about\\\/\",\"name\":\"Get to know more about Rachel Freedland, MSW |\",\"isPartOf\":{\"@id\":\"https:\\\/\\\/rachelfreedlandmsw.com\\\/#website\"},\"primaryImageOfPage\":{\"@id\":\"https:\\\/\\\/rachelfreedlandmsw.com\\\/about\\\/#primaryimage\"},\"image\":{\"@id\":\"https:\\\/\\\/rachelfreedlandmsw.com\\\/about\\\/#primaryimage\"},\"thumbnailUrl\":\"https:\\\/\\\/rachelfreedlandmsw.com\\\/wp-content\\\/uploads\\\/2019\\\/06\\\/rachel-freedland-about-cover-image-c.jpg\",\"datePublished\":\"2019-02-22T07:34:48+00:00\",\"dateModified\":\"2026-03-13T15:21:49+00:00\",\"description\":\"Learn more about Rachel Freedland, MSW. My objective and mission are to help you grow, heal and be successful in your life.\",\"breadcrumb\":{\"@id\":\"https:\\\/\\\/rachelfreedlandmsw.com\\\/about\\\/#breadcrumb\"},\"inLanguage\":\"pt-PT\",\"potentialAction\":[{\"@type\":\"ReadAction\",\"target\":[\"https:\\\/\\\/rachelfreedlandmsw.com\\\/about\\\/\"]}]},{\"@type\":\"ImageObject\",\"inLanguage\":\"pt-PT\",\"@id\":\"https:\\\/\\\/rachelfreedlandmsw.com\\\/about\\\/#primaryimage\",\"url\":\"https:\\\/\\\/rachelfreedlandmsw.com\\\/wp-content\\\/uploads\\\/2019\\\/06\\\/rachel-freedland-about-cover-image-c.jpg\",\"contentUrl\":\"https:\\\/\\\/rachelfreedlandmsw.com\\\/wp-content\\\/uploads\\\/2019\\\/06\\\/rachel-freedland-about-cover-image-c.jpg\",\"width\":1200,\"height\":638,\"caption\":\"About Rachel Frredland, MSW\"},{\"@type\":\"BreadcrumbList\",\"@id\":\"https:\\\/\\\/rachelfreedlandmsw.com\\\/about\\\/#breadcrumb\",\"itemListElement\":[{\"@type\":\"ListItem\",\"position\":1,\"name\":\"Home\",\"item\":\"https:\\\/\\\/rachelfreedlandmsw.com\\\/\"},{\"@type\":\"ListItem\",\"position\":2,\"name\":\"About\"}]},{\"@type\":\"WebSite\",\"@id\":\"https:\\\/\\\/rachelfreedlandmsw.com\\\/#website\",\"url\":\"https:\\\/\\\/rachelfreedlandmsw.com\\\/\",\"name\":\"Rachel Freedland, LMSW\",\"description\":\"Empowering your life&#039;s positive direction.\",\"publisher\":{\"@id\":\"https:\\\/\\\/rachelfreedlandmsw.com\\\/#\\\/schema\\\/person\\\/a1819de574ffe1d9c44e4c65acf6d64c\"},\"potentialAction\":[{\"@type\":\"SearchAction\",\"target\":{\"@type\":\"EntryPoint\",\"urlTemplate\":\"https:\\\/\\\/rachelfreedlandmsw.com\\\/?s={search_term_string}\"},\"query-input\":{\"@type\":\"PropertyValueSpecification\",\"valueRequired\":true,\"valueName\":\"search_term_string\"}}],\"inLanguage\":\"pt-PT\"},{\"@type\":[\"Person\",\"Organization\"],\"@id\":\"https:\\\/\\\/rachelfreedlandmsw.com\\\/#\\\/schema\\\/person\\\/a1819de574ffe1d9c44e4c65acf6d64c\",\"name\":\"Rachel Freedland, LMSW\",\"image\":{\"@type\":\"ImageObject\",\"inLanguage\":\"pt-PT\",\"@id\":\"https:\\\/\\\/rachelfreedlandmsw.com\\\/wp-content\\\/uploads\\\/2019\\\/06\\\/rachel-freedland-2019x400.jpg\",\"url\":\"https:\\\/\\\/rachelfreedlandmsw.com\\\/wp-content\\\/uploads\\\/2019\\\/06\\\/rachel-freedland-2019x400.jpg\",\"contentUrl\":\"https:\\\/\\\/rachelfreedlandmsw.com\\\/wp-content\\\/uploads\\\/2019\\\/06\\\/rachel-freedland-2019x400.jpg\",\"width\":400,\"height\":443,\"caption\":\"Rachel Freedland, LMSW\"},\"logo\":{\"@id\":\"https:\\\/\\\/rachelfreedlandmsw.com\\\/wp-content\\\/uploads\\\/2019\\\/06\\\/rachel-freedland-2019x400.jpg\"},\"description\":\"Rachel Freedland, LMSW is a Level 3 trained IFS ( Internal Family Systems) Clinical Social Worker practicing in Southeastern Michigan. Rachel is passionate about helping people heal their emotional pain and own their life\u2019s direction. Additionally she stands out as a therapist for A astruggling with perfectionism, insomnia, and relationship issues as well as anxiety and depression.\",\"sameAs\":[\"https:\\\/\\\/rachelfreedlandmsw.com\"]}]}<\/script>\n<!-- \/ Yoast SEO plugin. -->","yoast_head_json":{"title":"Get to know more about Rachel Freedland, MSW |","description":"Learn more about Rachel Freedland, MSW. My objective and mission are to help you grow, heal and be successful in your life.","robots":{"index":"index","follow":"follow","max-snippet":"max-snippet:-1","max-image-preview":"max-image-preview:large","max-video-preview":"max-video-preview:-1"},"canonical":"https:\/\/rachelfreedlandmsw.com\/pt\/about\/","og_locale":"pt_PT","og_type":"article","og_title":"Learn about Rachel Freedland, MSW","og_description":"Learn more about Rachel Freedland, MSW. My objective and mission are to help you grow, heal and be successful in your life.","og_url":"https:\/\/rachelfreedlandmsw.com\/pt\/about\/","og_site_name":"Rachel Freedland, LMSW","article_modified_time":"2026-03-13T15:21:49+00:00","og_image":[{"width":1200,"height":638,"url":"https:\/\/rachelfreedlandmsw.com\/wp-content\/uploads\/2019\/06\/rachel-freedland-about-cover-image-c.jpg","type":"image\/jpeg"}],"twitter_card":"summary_large_image","twitter_misc":{"Tempo estimado de leitura":"1 minuto"},"schema":{"@context":"https:\/\/schema.org","@graph":[{"@type":"WebPage","@id":"https:\/\/rachelfreedlandmsw.com\/about\/","url":"https:\/\/rachelfreedlandmsw.com\/about\/","name":"Get to know more about Rachel Freedland, MSW |","isPartOf":{"@id":"https:\/\/rachelfreedlandmsw.com\/#website"},"primaryImageOfPage":{"@id":"https:\/\/rachelfreedlandmsw.com\/about\/#primaryimage"},"image":{"@id":"https:\/\/rachelfreedlandmsw.com\/about\/#primaryimage"},"thumbnailUrl":"https:\/\/rachelfreedlandmsw.com\/wp-content\/uploads\/2019\/06\/rachel-freedland-about-cover-image-c.jpg","datePublished":"2019-02-22T07:34:48+00:00","dateModified":"2026-03-13T15:21:49+00:00","description":"Learn more about Rachel Freedland, MSW. My objective and mission are to help you grow, heal and be successful in your life.","breadcrumb":{"@id":"https:\/\/rachelfreedlandmsw.com\/about\/#breadcrumb"},"inLanguage":"pt-PT","potentialAction":[{"@type":"ReadAction","target":["https:\/\/rachelfreedlandmsw.com\/about\/"]}]},{"@type":"ImageObject","inLanguage":"pt-PT","@id":"https:\/\/rachelfreedlandmsw.com\/about\/#primaryimage","url":"https:\/\/rachelfreedlandmsw.com\/wp-content\/uploads\/2019\/06\/rachel-freedland-about-cover-image-c.jpg","contentUrl":"https:\/\/rachelfreedlandmsw.com\/wp-content\/uploads\/2019\/06\/rachel-freedland-about-cover-image-c.jpg","width":1200,"height":638,"caption":"About Rachel Frredland, MSW"},{"@type":"BreadcrumbList","@id":"https:\/\/rachelfreedlandmsw.com\/about\/#breadcrumb","itemListElement":[{"@type":"ListItem","position":1,"name":"Home","item":"https:\/\/rachelfreedlandmsw.com\/"},{"@type":"ListItem","position":2,"name":"About"}]},{"@type":"WebSite","@id":"https:\/\/rachelfreedlandmsw.com\/#website","url":"https:\/\/rachelfreedlandmsw.com\/","name":"Rachel Freedland, LMSW","description":"Empowering your life&#039;s positive direction.","publisher":{"@id":"https:\/\/rachelfreedlandmsw.com\/#\/schema\/person\/a1819de574ffe1d9c44e4c65acf6d64c"},"potentialAction":[{"@type":"SearchAction","target":{"@type":"EntryPoint","urlTemplate":"https:\/\/rachelfreedlandmsw.com\/?s={search_term_string}"},"query-input":{"@type":"PropertyValueSpecification","valueRequired":true,"valueName":"search_term_string"}}],"inLanguage":"pt-PT"},{"@type":["Person","Organization"],"@id":"https:\/\/rachelfreedlandmsw.com\/#\/schema\/person\/a1819de574ffe1d9c44e4c65acf6d64c","name":"Rachel Freedland, LMSW","image":{"@type":"ImageObject","inLanguage":"pt-PT","@id":"https:\/\/rachelfreedlandmsw.com\/wp-content\/uploads\/2019\/06\/rachel-freedland-2019x400.jpg","url":"https:\/\/rachelfreedlandmsw.com\/wp-content\/uploads\/2019\/06\/rachel-freedland-2019x400.jpg","contentUrl":"https:\/\/rachelfreedlandmsw.com\/wp-content\/uploads\/2019\/06\/rachel-freedland-2019x400.jpg","width":400,"height":443,"caption":"Rachel Freedland, LMSW"},"logo":{"@id":"https:\/\/rachelfreedlandmsw.com\/wp-content\/uploads\/2019\/06\/rachel-freedland-2019x400.jpg"},"description":"Rachel Freedland, LMSW \u00e9 assistente social cl\u00ednica e psicoterapeuta com forma\u00e7\u00e3o de N\u00edvel 3 em Sistemas Familiares Internos (IFS). Ela atende principalmente online e \u00e9 registrada para atuar na Fl\u00f3rida, al\u00e9m de exercer sua pr\u00e1tica em Michigan. Rachel tem paix\u00e3o por ajudar pessoas a curar dores emocionais e a recuperar um senso mais profundo de dire\u00e7\u00e3o e significado na vida. Seu trabalho inclui apoiar pessoas que lidam com perfeccionismo, ins\u00f4nia, dificuldades nos relacionamentos, ansiedade e depress\u00e3o.","sameAs":["https:\/\/rachelfreedlandmsw.com"]}]}},"_links":{"self":[{"href":"https:\/\/rachelfreedlandmsw.com\/pt\/wp-json\/wp\/v2\/pages\/2","targetHints":{"allow":["GET"]}}],"collection":[{"href":"https:\/\/rachelfreedlandmsw.com\/pt\/wp-json\/wp\/v2\/pages"}],"about":[{"href":"https:\/\/rachelfreedlandmsw.com\/pt\/wp-json\/wp\/v2\/types\/page"}],"author":[{"embeddable":true,"href":"https:\/\/rachelfreedlandmsw.com\/pt\/wp-json\/wp\/v2\/users\/3"}],"replies":[{"embeddable":true,"href":"https:\/\/rachelfreedlandmsw.com\/pt\/wp-json\/wp\/v2\/comments?post=2"}],"version-history":[{"count":26,"href":"https:\/\/rachelfreedlandmsw.com\/pt\/wp-json\/wp\/v2\/pages\/2\/revisions"}],"predecessor-version":[{"id":749,"href":"https:\/\/rachelfreedlandmsw.com\/pt\/wp-json\/wp\/v2\/pages\/2\/revisions\/749"}],"wp:featuredmedia":[{"embeddable":true,"href":"https:\/\/rachelfreedlandmsw.com\/pt\/wp-json\/wp\/v2\/media\/119"}],"wp:attachment":[{"href":"https:\/\/rachelfreedlandmsw.com\/pt\/wp-json\/wp\/v2\/media?parent=2"}],"curies":[{"name":"wp","href":"https:\/\/api.w.org\/{rel}","templated":true}]}}