{"id":15,"date":"2019-04-21T20:30:52","date_gmt":"2019-04-22T00:30:52","guid":{"rendered":"https:\/\/rachelfreedlandmsw.com\/?page_id=15"},"modified":"2025-12-26T13:37:25","modified_gmt":"2025-12-26T18:37:25","slug":"blog","status":"publish","type":"page","link":"https:\/\/rachelfreedlandmsw.com\/pt\/blog\/","title":{"rendered":"Blog"},"content":{"rendered":"","protected":false},"excerpt":{"rendered":"","protected":false},"author":3,"featured_media":83,"parent":0,"menu_order":0,"comment_status":"closed","ping_status":"closed","template":"","meta":{"_monsterinsights_skip_tracking":false,"_monsterinsights_sitenote_active":false,"_monsterinsights_sitenote_note":"","_monsterinsights_sitenote_category":0,"_genesis_hide_title":false,"_genesis_hide_breadcrumbs":false,"_genesis_hide_singular_image":false,"_genesis_hide_footer_widgets":false,"_genesis_custom_body_class":"","_genesis_custom_post_class":"","_genesis_layout":"","footnotes":""},"class_list":{"0":"post-15","1":"page","2":"type-page","3":"status-publish","4":"has-post-thumbnail","6":"entry"},"yoast_head":"<!-- This site is optimized with the Yoast SEO plugin v27.4 - https:\/\/yoast.com\/product\/yoast-seo-wordpress\/ -->\n<title>Blog - Rachel Freedland, LMSW<\/title>\n<meta name=\"robots\" content=\"index, follow, max-snippet:-1, max-image-preview:large, max-video-preview:-1\" \/>\n<link rel=\"canonical\" href=\"https:\/\/rachelfreedlandmsw.com\/pt\/blog\/\" \/>\n<meta property=\"og:locale\" content=\"pt_PT\" \/>\n<meta property=\"og:type\" content=\"article\" \/>\n<meta property=\"og:title\" content=\"Blog - Rachel Freedland, LMSW\" \/>\n<meta property=\"og:url\" content=\"https:\/\/rachelfreedlandmsw.com\/pt\/blog\/\" \/>\n<meta property=\"og:site_name\" content=\"Rachel Freedland, LMSW\" \/>\n<meta property=\"article:modified_time\" content=\"2025-12-26T18:37:25+00:00\" \/>\n<meta property=\"og:image\" content=\"https:\/\/rachelfreedlandmsw.com\/wp-content\/uploads\/2019\/05\/professional-counseling-sailboat-c.jpg\" \/>\n\t<meta property=\"og:image:width\" content=\"1200\" \/>\n\t<meta property=\"og:image:height\" content=\"638\" \/>\n\t<meta property=\"og:image:type\" content=\"image\/jpeg\" \/>\n<meta name=\"twitter:card\" content=\"summary_large_image\" \/>\n<meta name=\"twitter:label1\" content=\"Tempo estimado de leitura\" \/>\n\t<meta name=\"twitter:data1\" content=\"5 minutos\" \/>\n<script type=\"application\/ld+json\" class=\"yoast-schema-graph\">{\"@context\":\"https:\\\/\\\/schema.org\",\"@graph\":[{\"@type\":\"WebPage\",\"@id\":\"https:\\\/\\\/rachelfreedlandmsw.com\\\/blog\\\/\",\"url\":\"https:\\\/\\\/rachelfreedlandmsw.com\\\/blog\\\/\",\"name\":\"Blog - Rachel Freedland, LMSW\",\"isPartOf\":{\"@id\":\"https:\\\/\\\/rachelfreedlandmsw.com\\\/#website\"},\"primaryImageOfPage\":{\"@id\":\"https:\\\/\\\/rachelfreedlandmsw.com\\\/blog\\\/#primaryimage\"},\"image\":{\"@id\":\"https:\\\/\\\/rachelfreedlandmsw.com\\\/blog\\\/#primaryimage\"},\"thumbnailUrl\":\"https:\\\/\\\/rachelfreedlandmsw.com\\\/wp-content\\\/uploads\\\/2019\\\/05\\\/professional-counseling-sailboat-c.jpg\",\"datePublished\":\"2019-04-22T00:30:52+00:00\",\"dateModified\":\"2025-12-26T18:37:25+00:00\",\"breadcrumb\":{\"@id\":\"https:\\\/\\\/rachelfreedlandmsw.com\\\/blog\\\/#breadcrumb\"},\"inLanguage\":\"pt-PT\",\"potentialAction\":[{\"@type\":\"ReadAction\",\"target\":[\"https:\\\/\\\/rachelfreedlandmsw.com\\\/blog\\\/\"]}]},{\"@type\":\"ImageObject\",\"inLanguage\":\"pt-PT\",\"@id\":\"https:\\\/\\\/rachelfreedlandmsw.com\\\/blog\\\/#primaryimage\",\"url\":\"https:\\\/\\\/rachelfreedlandmsw.com\\\/wp-content\\\/uploads\\\/2019\\\/05\\\/professional-counseling-sailboat-c.jpg\",\"contentUrl\":\"https:\\\/\\\/rachelfreedlandmsw.com\\\/wp-content\\\/uploads\\\/2019\\\/05\\\/professional-counseling-sailboat-c.jpg\",\"width\":1200,\"height\":638,\"caption\":\"Professional Counseling with Rachel Freedland\"},{\"@type\":\"BreadcrumbList\",\"@id\":\"https:\\\/\\\/rachelfreedlandmsw.com\\\/blog\\\/#breadcrumb\",\"itemListElement\":[{\"@type\":\"ListItem\",\"position\":1,\"name\":\"Home\",\"item\":\"https:\\\/\\\/rachelfreedlandmsw.com\\\/\"},{\"@type\":\"ListItem\",\"position\":2,\"name\":\"Blog\"}]},{\"@type\":\"WebSite\",\"@id\":\"https:\\\/\\\/rachelfreedlandmsw.com\\\/#website\",\"url\":\"https:\\\/\\\/rachelfreedlandmsw.com\\\/\",\"name\":\"Rachel Freedland, LMSW\",\"description\":\"Empowering your life&#039;s positive direction.\",\"publisher\":{\"@id\":\"https:\\\/\\\/rachelfreedlandmsw.com\\\/#\\\/schema\\\/person\\\/a1819de574ffe1d9c44e4c65acf6d64c\"},\"potentialAction\":[{\"@type\":\"SearchAction\",\"target\":{\"@type\":\"EntryPoint\",\"urlTemplate\":\"https:\\\/\\\/rachelfreedlandmsw.com\\\/?s={search_term_string}\"},\"query-input\":{\"@type\":\"PropertyValueSpecification\",\"valueRequired\":true,\"valueName\":\"search_term_string\"}}],\"inLanguage\":\"pt-PT\"},{\"@type\":[\"Person\",\"Organization\"],\"@id\":\"https:\\\/\\\/rachelfreedlandmsw.com\\\/#\\\/schema\\\/person\\\/a1819de574ffe1d9c44e4c65acf6d64c\",\"name\":\"Rachel Freedland, LMSW\",\"image\":{\"@type\":\"ImageObject\",\"inLanguage\":\"pt-PT\",\"@id\":\"https:\\\/\\\/rachelfreedlandmsw.com\\\/wp-content\\\/uploads\\\/2019\\\/06\\\/rachel-freedland-2019x400.jpg\",\"url\":\"https:\\\/\\\/rachelfreedlandmsw.com\\\/wp-content\\\/uploads\\\/2019\\\/06\\\/rachel-freedland-2019x400.jpg\",\"contentUrl\":\"https:\\\/\\\/rachelfreedlandmsw.com\\\/wp-content\\\/uploads\\\/2019\\\/06\\\/rachel-freedland-2019x400.jpg\",\"width\":400,\"height\":443,\"caption\":\"Rachel Freedland, LMSW\"},\"logo\":{\"@id\":\"https:\\\/\\\/rachelfreedlandmsw.com\\\/wp-content\\\/uploads\\\/2019\\\/06\\\/rachel-freedland-2019x400.jpg\"},\"description\":\"Rachel Freedland, LMSW is a Level 3 trained IFS ( Internal Family Systems) Clinical Social Worker practicing in Southeastern Michigan. Rachel is passionate about helping people heal their emotional pain and own their life\u2019s direction. Additionally she stands out as a therapist for A astruggling with perfectionism, insomnia, and relationship issues as well as anxiety and depression.\",\"sameAs\":[\"https:\\\/\\\/rachelfreedlandmsw.com\"]}]}<\/script>\n<!-- \/ Yoast SEO plugin. -->","yoast_head_json":{"title":"Blog - Rachel Freedland, LMSW","robots":{"index":"index","follow":"follow","max-snippet":"max-snippet:-1","max-image-preview":"max-image-preview:large","max-video-preview":"max-video-preview:-1"},"canonical":"https:\/\/rachelfreedlandmsw.com\/pt\/blog\/","og_locale":"pt_PT","og_type":"article","og_title":"Blog - Rachel Freedland, LMSW","og_url":"https:\/\/rachelfreedlandmsw.com\/pt\/blog\/","og_site_name":"Rachel Freedland, LMSW","article_modified_time":"2025-12-26T18:37:25+00:00","og_image":[{"width":1200,"height":638,"url":"https:\/\/rachelfreedlandmsw.com\/wp-content\/uploads\/2019\/05\/professional-counseling-sailboat-c.jpg","type":"image\/jpeg"}],"twitter_card":"summary_large_image","twitter_misc":{"Tempo estimado de leitura":"5 minutos"},"schema":{"@context":"https:\/\/schema.org","@graph":[{"@type":"WebPage","@id":"https:\/\/rachelfreedlandmsw.com\/blog\/","url":"https:\/\/rachelfreedlandmsw.com\/blog\/","name":"Blog - Rachel Freedland, LMSW","isPartOf":{"@id":"https:\/\/rachelfreedlandmsw.com\/#website"},"primaryImageOfPage":{"@id":"https:\/\/rachelfreedlandmsw.com\/blog\/#primaryimage"},"image":{"@id":"https:\/\/rachelfreedlandmsw.com\/blog\/#primaryimage"},"thumbnailUrl":"https:\/\/rachelfreedlandmsw.com\/wp-content\/uploads\/2019\/05\/professional-counseling-sailboat-c.jpg","datePublished":"2019-04-22T00:30:52+00:00","dateModified":"2025-12-26T18:37:25+00:00","breadcrumb":{"@id":"https:\/\/rachelfreedlandmsw.com\/blog\/#breadcrumb"},"inLanguage":"pt-PT","potentialAction":[{"@type":"ReadAction","target":["https:\/\/rachelfreedlandmsw.com\/blog\/"]}]},{"@type":"ImageObject","inLanguage":"pt-PT","@id":"https:\/\/rachelfreedlandmsw.com\/blog\/#primaryimage","url":"https:\/\/rachelfreedlandmsw.com\/wp-content\/uploads\/2019\/05\/professional-counseling-sailboat-c.jpg","contentUrl":"https:\/\/rachelfreedlandmsw.com\/wp-content\/uploads\/2019\/05\/professional-counseling-sailboat-c.jpg","width":1200,"height":638,"caption":"Professional Counseling with Rachel Freedland"},{"@type":"BreadcrumbList","@id":"https:\/\/rachelfreedlandmsw.com\/blog\/#breadcrumb","itemListElement":[{"@type":"ListItem","position":1,"name":"Home","item":"https:\/\/rachelfreedlandmsw.com\/"},{"@type":"ListItem","position":2,"name":"Blog"}]},{"@type":"WebSite","@id":"https:\/\/rachelfreedlandmsw.com\/#website","url":"https:\/\/rachelfreedlandmsw.com\/","name":"Rachel Freedland, LMSW","description":"Empowering your life&#039;s positive direction.","publisher":{"@id":"https:\/\/rachelfreedlandmsw.com\/#\/schema\/person\/a1819de574ffe1d9c44e4c65acf6d64c"},"potentialAction":[{"@type":"SearchAction","target":{"@type":"EntryPoint","urlTemplate":"https:\/\/rachelfreedlandmsw.com\/?s={search_term_string}"},"query-input":{"@type":"PropertyValueSpecification","valueRequired":true,"valueName":"search_term_string"}}],"inLanguage":"pt-PT"},{"@type":["Person","Organization"],"@id":"https:\/\/rachelfreedlandmsw.com\/#\/schema\/person\/a1819de574ffe1d9c44e4c65acf6d64c","name":"Rachel Freedland, LMSW","image":{"@type":"ImageObject","inLanguage":"pt-PT","@id":"https:\/\/rachelfreedlandmsw.com\/wp-content\/uploads\/2019\/06\/rachel-freedland-2019x400.jpg","url":"https:\/\/rachelfreedlandmsw.com\/wp-content\/uploads\/2019\/06\/rachel-freedland-2019x400.jpg","contentUrl":"https:\/\/rachelfreedlandmsw.com\/wp-content\/uploads\/2019\/06\/rachel-freedland-2019x400.jpg","width":400,"height":443,"caption":"Rachel Freedland, LMSW"},"logo":{"@id":"https:\/\/rachelfreedlandmsw.com\/wp-content\/uploads\/2019\/06\/rachel-freedland-2019x400.jpg"},"description":"Rachel Freedland, LMSW \u00e9 assistente social cl\u00ednica e psicoterapeuta com forma\u00e7\u00e3o de N\u00edvel 3 em Sistemas Familiares Internos (IFS). Ela atende principalmente online e \u00e9 registrada para atuar na Fl\u00f3rida, al\u00e9m de exercer sua pr\u00e1tica em Michigan. Rachel tem paix\u00e3o por ajudar pessoas a curar dores emocionais e a recuperar um senso mais profundo de dire\u00e7\u00e3o e significado na vida. Seu trabalho inclui apoiar pessoas que lidam com perfeccionismo, ins\u00f4nia, dificuldades nos relacionamentos, ansiedade e depress\u00e3o.","sameAs":["https:\/\/rachelfreedlandmsw.com"]}]}},"_links":{"self":[{"href":"https:\/\/rachelfreedlandmsw.com\/pt\/wp-json\/wp\/v2\/pages\/15","targetHints":{"allow":["GET"]}}],"collection":[{"href":"https:\/\/rachelfreedlandmsw.com\/pt\/wp-json\/wp\/v2\/pages"}],"about":[{"href":"https:\/\/rachelfreedlandmsw.com\/pt\/wp-json\/wp\/v2\/types\/page"}],"author":[{"embeddable":true,"href":"https:\/\/rachelfreedlandmsw.com\/pt\/wp-json\/wp\/v2\/users\/3"}],"replies":[{"embeddable":true,"href":"https:\/\/rachelfreedlandmsw.com\/pt\/wp-json\/wp\/v2\/comments?post=15"}],"version-history":[{"count":6,"href":"https:\/\/rachelfreedlandmsw.com\/pt\/wp-json\/wp\/v2\/pages\/15\/revisions"}],"predecessor-version":[{"id":199,"href":"https:\/\/rachelfreedlandmsw.com\/pt\/wp-json\/wp\/v2\/pages\/15\/revisions\/199"}],"wp:featuredmedia":[{"embeddable":true,"href":"https:\/\/rachelfreedlandmsw.com\/pt\/wp-json\/wp\/v2\/media\/83"}],"wp:attachment":[{"href":"https:\/\/rachelfreedlandmsw.com\/pt\/wp-json\/wp\/v2\/media?parent=15"}],"curies":[{"name":"wp","href":"https:\/\/api.w.org\/{rel}","templated":true}]}}