{"id":132,"date":"2019-06-22T18:17:24","date_gmt":"2019-06-22T22:17:24","guid":{"rendered":"https:\/\/rachelfreedlandmsw.com\/?page_id=132"},"modified":"2019-07-07T20:40:41","modified_gmt":"2019-07-08T00:40:41","slug":"privacy-policy","status":"publish","type":"page","link":"https:\/\/rachelfreedlandmsw.com\/pt\/privacy-policy\/","title":{"rendered":"POL\u00cdTICA DE PRIVACIDADE"},"content":{"rendered":"<p>We, at Rachel Freedland, MSW have created this privacy statement because we are committed to safeguarding your privacy. You may <strong><a href=\"https:\/\/rachelfreedlandmsw.com\/pt\/contact\/\">contact us<\/a><\/strong> if you have any questions or problems regarding the use of your personal data. This page discloses the information gathering and dissemination practices for this website <a href=\"https:\/\/rachelfreedlandmsw.com\/pt\/\">www.rachelfreedlandmsw.com<\/a>.<\/p>\n<p>By using this website, you consent to the processing of your personal data.<\/p>\n<h2><strong>DATA WE GATHER<\/strong><\/h2>\n<h3>Information That is Automatically Collected<\/h3>\n<p>On this website we use various web analytics tools (for example Google Analytics) and other tools to help analyze how people use the website. As such, these tools use \u2018cookies\u2019, which are text files placed on your computer. They collect standard internet log information and visitor behavior information. The information these cookies collect about your use of our website (including your IP address) is transmitted to Google and sometimes other vendors. This information is then used to evaluate visitors use of the website, improve customer experience and to compile statistical reports on website activity for Rachel Freedland, MSW.<\/p>\n<h3>Information You May Have Provided Us<\/h3>\n<p>Information such as your e-mail address, name etc. is saved in order to provide you with the information that you have requested, as well as for delivering you a product or service and to enhance your customer experience.<\/p>\n<h3>EXTERNAL LINKS<\/h3>\n<p>This website will at times include links to some other websites in order to provide you with additional information. Rachel Freedland, MSW is not responsible for the privacy practices or the content of such websites.<\/p>\n<h3>HOW WE USE YOUR PERSONAL DATA<\/h3>\n<p>Your email and any other personal data will <strong>only<\/strong> be used for the following purposes:<\/p>\n<ul>\n<li>to identify you;<\/li>\n<li>to provide you a service;<\/li>\n<li>to communicate for invoicing;<\/li>\n<li>to enhance your customer experience<\/li>\n<\/ul>\n<h3>SECURITY<\/h3>\n<p>This website has security measures in place to protect against the misuse, loss or alteration of the information under our control.<\/p>\n<h2><strong>COOKIES<\/strong><\/h2>\n<h3>Embedded content from other websites<\/h3>\n<p>Articles on this site may include embedded content (e.g. videos, images, articles, etc.). Embedded content from other websites behaves in the exact same way as if the visitor has visited the other website.<\/p>\n<p>These websites may collect data about you, use cookies, embed additional third-party tracking, and monitor your interaction with that embedded content, including tracing your interaction with the embedded content if you have an account and are logged in to that website.<\/p>\n<h3>Disabling And Enabling Cookies<\/h3>\n<p>By changing the settings in your browser, you can accept or decline cookies.<\/p>\n<h3>PRIVACY POLICY CHANGES<\/h3>\n<p>We reserve the right to make change to this Privacy Policy.<\/p>\n<p>You have the right to withdraw consent for processing of your personal data at any time. You also have the right to access the personal data collected from\/about you or to have it erased.<\/p>\n<p>&nbsp;<\/p>","protected":false},"excerpt":{"rendered":"<p>We, at Rachel Freedland, MSW have created this privacy statement because we are committed to safeguarding your privacy. You may contact us if you have any questions or problems regarding the use of your personal data. This page discloses the information gathering and dissemination practices for this website www.rachelfreedlandmsw.com. By using this website, you consent [&hellip;]<\/p>\n","protected":false},"author":3,"featured_media":138,"parent":0,"menu_order":0,"comment_status":"closed","ping_status":"closed","template":"","meta":{"_monsterinsights_skip_tracking":false,"_monsterinsights_sitenote_active":false,"_monsterinsights_sitenote_note":"","_monsterinsights_sitenote_category":0,"_genesis_hide_title":false,"_genesis_hide_breadcrumbs":false,"_genesis_hide_singular_image":false,"_genesis_hide_footer_widgets":false,"_genesis_custom_body_class":"","_genesis_custom_post_class":"","_genesis_layout":"","footnotes":""},"class_list":{"0":"post-132","1":"page","2":"type-page","3":"status-publish","4":"has-post-thumbnail","6":"entry"},"yoast_head":"<!-- This site is optimized with the Yoast SEO plugin v27.4 - https:\/\/yoast.com\/product\/yoast-seo-wordpress\/ -->\n<title>Privacy Policy - Rachel Freedland, LMSW<\/title>\n<meta name=\"robots\" content=\"index, follow, max-snippet:-1, max-image-preview:large, max-video-preview:-1\" \/>\n<link rel=\"canonical\" href=\"https:\/\/rachelfreedlandmsw.com\/pt\/privacy-policy\/\" \/>\n<meta property=\"og:locale\" content=\"pt_PT\" \/>\n<meta property=\"og:type\" content=\"article\" \/>\n<meta property=\"og:title\" content=\"Privacy Policy - Rachel Freedland, LMSW\" \/>\n<meta property=\"og:description\" content=\"We, at Rachel Freedland, MSW have created this privacy statement because we are committed to safeguarding your privacy. You may contact us if you have any questions or problems regarding the use of your personal data. This page discloses the information gathering and dissemination practices for this website www.rachelfreedlandmsw.com. By using this website, you consent [&hellip;]\" \/>\n<meta property=\"og:url\" content=\"https:\/\/rachelfreedlandmsw.com\/pt\/privacy-policy\/\" \/>\n<meta property=\"og:site_name\" content=\"Rachel Freedland, LMSW\" \/>\n<meta property=\"article:modified_time\" content=\"2019-07-08T00:40:41+00:00\" \/>\n<meta property=\"og:image\" content=\"https:\/\/efbn49ibyig.exactdn.com\/wp-content\/uploads\/2019\/06\/csw_river1-edited.jpg?strip=all&lossy=1&ssl=1\" \/>\n\t<meta property=\"og:image:width\" content=\"1200\" \/>\n\t<meta property=\"og:image:height\" content=\"638\" \/>\n\t<meta property=\"og:image:type\" content=\"image\/jpeg\" \/>\n<meta name=\"twitter:card\" content=\"summary_large_image\" \/>\n<meta name=\"twitter:label1\" content=\"Tempo estimado de leitura\" \/>\n\t<meta name=\"twitter:data1\" content=\"2 minutos\" \/>\n<script type=\"application\/ld+json\" class=\"yoast-schema-graph\">{\"@context\":\"https:\\\/\\\/schema.org\",\"@graph\":[{\"@type\":\"WebPage\",\"@id\":\"https:\\\/\\\/rachelfreedlandmsw.com\\\/privacy-policy\\\/\",\"url\":\"https:\\\/\\\/rachelfreedlandmsw.com\\\/privacy-policy\\\/\",\"name\":\"Privacy Policy - Rachel Freedland, LMSW\",\"isPartOf\":{\"@id\":\"https:\\\/\\\/rachelfreedlandmsw.com\\\/#website\"},\"primaryImageOfPage\":{\"@id\":\"https:\\\/\\\/rachelfreedlandmsw.com\\\/privacy-policy\\\/#primaryimage\"},\"image\":{\"@id\":\"https:\\\/\\\/rachelfreedlandmsw.com\\\/privacy-policy\\\/#primaryimage\"},\"thumbnailUrl\":\"https:\\\/\\\/rachelfreedlandmsw.com\\\/wp-content\\\/uploads\\\/2019\\\/06\\\/csw_river1-edited.jpg\",\"datePublished\":\"2019-06-22T22:17:24+00:00\",\"dateModified\":\"2019-07-08T00:40:41+00:00\",\"breadcrumb\":{\"@id\":\"https:\\\/\\\/rachelfreedlandmsw.com\\\/privacy-policy\\\/#breadcrumb\"},\"inLanguage\":\"pt-PT\",\"potentialAction\":[{\"@type\":\"ReadAction\",\"target\":[\"https:\\\/\\\/rachelfreedlandmsw.com\\\/privacy-policy\\\/\"]}]},{\"@type\":\"ImageObject\",\"inLanguage\":\"pt-PT\",\"@id\":\"https:\\\/\\\/rachelfreedlandmsw.com\\\/privacy-policy\\\/#primaryimage\",\"url\":\"https:\\\/\\\/rachelfreedlandmsw.com\\\/wp-content\\\/uploads\\\/2019\\\/06\\\/csw_river1-edited.jpg\",\"contentUrl\":\"https:\\\/\\\/rachelfreedlandmsw.com\\\/wp-content\\\/uploads\\\/2019\\\/06\\\/csw_river1-edited.jpg\",\"width\":1200,\"height\":638,\"caption\":\"Privacy Policy - beyond a lovely flowing river\"},{\"@type\":\"BreadcrumbList\",\"@id\":\"https:\\\/\\\/rachelfreedlandmsw.com\\\/privacy-policy\\\/#breadcrumb\",\"itemListElement\":[{\"@type\":\"ListItem\",\"position\":1,\"name\":\"Home\",\"item\":\"https:\\\/\\\/rachelfreedlandmsw.com\\\/\"},{\"@type\":\"ListItem\",\"position\":2,\"name\":\"Privacy Policy\"}]},{\"@type\":\"WebSite\",\"@id\":\"https:\\\/\\\/rachelfreedlandmsw.com\\\/#website\",\"url\":\"https:\\\/\\\/rachelfreedlandmsw.com\\\/\",\"name\":\"Rachel Freedland, LMSW\",\"description\":\"Empowering your life&#039;s positive direction.\",\"publisher\":{\"@id\":\"https:\\\/\\\/rachelfreedlandmsw.com\\\/#\\\/schema\\\/person\\\/a1819de574ffe1d9c44e4c65acf6d64c\"},\"potentialAction\":[{\"@type\":\"SearchAction\",\"target\":{\"@type\":\"EntryPoint\",\"urlTemplate\":\"https:\\\/\\\/rachelfreedlandmsw.com\\\/?s={search_term_string}\"},\"query-input\":{\"@type\":\"PropertyValueSpecification\",\"valueRequired\":true,\"valueName\":\"search_term_string\"}}],\"inLanguage\":\"pt-PT\"},{\"@type\":[\"Person\",\"Organization\"],\"@id\":\"https:\\\/\\\/rachelfreedlandmsw.com\\\/#\\\/schema\\\/person\\\/a1819de574ffe1d9c44e4c65acf6d64c\",\"name\":\"Rachel Freedland, LMSW\",\"image\":{\"@type\":\"ImageObject\",\"inLanguage\":\"pt-PT\",\"@id\":\"https:\\\/\\\/rachelfreedlandmsw.com\\\/wp-content\\\/uploads\\\/2019\\\/06\\\/rachel-freedland-2019x400.jpg\",\"url\":\"https:\\\/\\\/rachelfreedlandmsw.com\\\/wp-content\\\/uploads\\\/2019\\\/06\\\/rachel-freedland-2019x400.jpg\",\"contentUrl\":\"https:\\\/\\\/rachelfreedlandmsw.com\\\/wp-content\\\/uploads\\\/2019\\\/06\\\/rachel-freedland-2019x400.jpg\",\"width\":400,\"height\":443,\"caption\":\"Rachel Freedland, LMSW\"},\"logo\":{\"@id\":\"https:\\\/\\\/rachelfreedlandmsw.com\\\/wp-content\\\/uploads\\\/2019\\\/06\\\/rachel-freedland-2019x400.jpg\"},\"description\":\"Rachel Freedland, LMSW is a Level 3 trained IFS ( Internal Family Systems) Clinical Social Worker practicing in Southeastern Michigan. Rachel is passionate about helping people heal their emotional pain and own their life\u2019s direction. Additionally she stands out as a therapist for A astruggling with perfectionism, insomnia, and relationship issues as well as anxiety and depression.\",\"sameAs\":[\"https:\\\/\\\/rachelfreedlandmsw.com\"]}]}<\/script>\n<!-- \/ Yoast SEO plugin. -->","yoast_head_json":{"title":"Privacy Policy - Rachel Freedland, LMSW","robots":{"index":"index","follow":"follow","max-snippet":"max-snippet:-1","max-image-preview":"max-image-preview:large","max-video-preview":"max-video-preview:-1"},"canonical":"https:\/\/rachelfreedlandmsw.com\/pt\/privacy-policy\/","og_locale":"pt_PT","og_type":"article","og_title":"Privacy Policy - Rachel Freedland, LMSW","og_description":"We, at Rachel Freedland, MSW have created this privacy statement because we are committed to safeguarding your privacy. You may contact us if you have any questions or problems regarding the use of your personal data. This page discloses the information gathering and dissemination practices for this website www.rachelfreedlandmsw.com. By using this website, you consent [&hellip;]","og_url":"https:\/\/rachelfreedlandmsw.com\/pt\/privacy-policy\/","og_site_name":"Rachel Freedland, LMSW","article_modified_time":"2019-07-08T00:40:41+00:00","og_image":[{"width":1200,"height":638,"url":"https:\/\/efbn49ibyig.exactdn.com\/wp-content\/uploads\/2019\/06\/csw_river1-edited.jpg?strip=all&lossy=1&ssl=1","type":"image\/jpeg"}],"twitter_card":"summary_large_image","twitter_misc":{"Tempo estimado de leitura":"2 minutos"},"schema":{"@context":"https:\/\/schema.org","@graph":[{"@type":"WebPage","@id":"https:\/\/rachelfreedlandmsw.com\/privacy-policy\/","url":"https:\/\/rachelfreedlandmsw.com\/privacy-policy\/","name":"Privacy Policy - Rachel Freedland, LMSW","isPartOf":{"@id":"https:\/\/rachelfreedlandmsw.com\/#website"},"primaryImageOfPage":{"@id":"https:\/\/rachelfreedlandmsw.com\/privacy-policy\/#primaryimage"},"image":{"@id":"https:\/\/rachelfreedlandmsw.com\/privacy-policy\/#primaryimage"},"thumbnailUrl":"https:\/\/rachelfreedlandmsw.com\/wp-content\/uploads\/2019\/06\/csw_river1-edited.jpg","datePublished":"2019-06-22T22:17:24+00:00","dateModified":"2019-07-08T00:40:41+00:00","breadcrumb":{"@id":"https:\/\/rachelfreedlandmsw.com\/privacy-policy\/#breadcrumb"},"inLanguage":"pt-PT","potentialAction":[{"@type":"ReadAction","target":["https:\/\/rachelfreedlandmsw.com\/privacy-policy\/"]}]},{"@type":"ImageObject","inLanguage":"pt-PT","@id":"https:\/\/rachelfreedlandmsw.com\/privacy-policy\/#primaryimage","url":"https:\/\/rachelfreedlandmsw.com\/wp-content\/uploads\/2019\/06\/csw_river1-edited.jpg","contentUrl":"https:\/\/rachelfreedlandmsw.com\/wp-content\/uploads\/2019\/06\/csw_river1-edited.jpg","width":1200,"height":638,"caption":"Privacy Policy - beyond a lovely flowing river"},{"@type":"BreadcrumbList","@id":"https:\/\/rachelfreedlandmsw.com\/privacy-policy\/#breadcrumb","itemListElement":[{"@type":"ListItem","position":1,"name":"Home","item":"https:\/\/rachelfreedlandmsw.com\/"},{"@type":"ListItem","position":2,"name":"Privacy Policy"}]},{"@type":"WebSite","@id":"https:\/\/rachelfreedlandmsw.com\/#website","url":"https:\/\/rachelfreedlandmsw.com\/","name":"Rachel Freedland, LMSW","description":"Empowering your life&#039;s positive direction.","publisher":{"@id":"https:\/\/rachelfreedlandmsw.com\/#\/schema\/person\/a1819de574ffe1d9c44e4c65acf6d64c"},"potentialAction":[{"@type":"SearchAction","target":{"@type":"EntryPoint","urlTemplate":"https:\/\/rachelfreedlandmsw.com\/?s={search_term_string}"},"query-input":{"@type":"PropertyValueSpecification","valueRequired":true,"valueName":"search_term_string"}}],"inLanguage":"pt-PT"},{"@type":["Person","Organization"],"@id":"https:\/\/rachelfreedlandmsw.com\/#\/schema\/person\/a1819de574ffe1d9c44e4c65acf6d64c","name":"Rachel Freedland, LMSW","image":{"@type":"ImageObject","inLanguage":"pt-PT","@id":"https:\/\/rachelfreedlandmsw.com\/wp-content\/uploads\/2019\/06\/rachel-freedland-2019x400.jpg","url":"https:\/\/rachelfreedlandmsw.com\/wp-content\/uploads\/2019\/06\/rachel-freedland-2019x400.jpg","contentUrl":"https:\/\/rachelfreedlandmsw.com\/wp-content\/uploads\/2019\/06\/rachel-freedland-2019x400.jpg","width":400,"height":443,"caption":"Rachel Freedland, LMSW"},"logo":{"@id":"https:\/\/rachelfreedlandmsw.com\/wp-content\/uploads\/2019\/06\/rachel-freedland-2019x400.jpg"},"description":"Rachel Freedland, LMSW \u00e9 assistente social cl\u00ednica e psicoterapeuta com forma\u00e7\u00e3o de N\u00edvel 3 em Sistemas Familiares Internos (IFS). Ela atende principalmente online e \u00e9 registrada para atuar na Fl\u00f3rida, al\u00e9m de exercer sua pr\u00e1tica em Michigan. Rachel tem paix\u00e3o por ajudar pessoas a curar dores emocionais e a recuperar um senso mais profundo de dire\u00e7\u00e3o e significado na vida. Seu trabalho inclui apoiar pessoas que lidam com perfeccionismo, ins\u00f4nia, dificuldades nos relacionamentos, ansiedade e depress\u00e3o.","sameAs":["https:\/\/rachelfreedlandmsw.com"]}]}},"_links":{"self":[{"href":"https:\/\/rachelfreedlandmsw.com\/pt\/wp-json\/wp\/v2\/pages\/132","targetHints":{"allow":["GET"]}}],"collection":[{"href":"https:\/\/rachelfreedlandmsw.com\/pt\/wp-json\/wp\/v2\/pages"}],"about":[{"href":"https:\/\/rachelfreedlandmsw.com\/pt\/wp-json\/wp\/v2\/types\/page"}],"author":[{"embeddable":true,"href":"https:\/\/rachelfreedlandmsw.com\/pt\/wp-json\/wp\/v2\/users\/3"}],"replies":[{"embeddable":true,"href":"https:\/\/rachelfreedlandmsw.com\/pt\/wp-json\/wp\/v2\/comments?post=132"}],"version-history":[{"count":4,"href":"https:\/\/rachelfreedlandmsw.com\/pt\/wp-json\/wp\/v2\/pages\/132\/revisions"}],"predecessor-version":[{"id":137,"href":"https:\/\/rachelfreedlandmsw.com\/pt\/wp-json\/wp\/v2\/pages\/132\/revisions\/137"}],"wp:featuredmedia":[{"embeddable":true,"href":"https:\/\/rachelfreedlandmsw.com\/pt\/wp-json\/wp\/v2\/media\/138"}],"wp:attachment":[{"href":"https:\/\/rachelfreedlandmsw.com\/pt\/wp-json\/wp\/v2\/media?parent=132"}],"curies":[{"name":"wp","href":"https:\/\/api.w.org\/{rel}","templated":true}]}}